{"id":621,"date":"2020-06-04T18:25:21","date_gmt":"2020-06-04T18:25:21","guid":{"rendered":"https:\/\/bulentozalp.com\/?page_id=621"},"modified":"2020-06-04T18:59:31","modified_gmt":"2020-06-04T18:59:31","slug":"bulent-ozalp-hakkinda","status":"publish","type":"page","link":"https:\/\/bulentozalp.com\/index.php\/bulent-ozalp-hakkinda\/","title":{"rendered":"B\u00dcLENT \u00d6ZALP \/ HAKKINDA"},"content":{"rendered":"\n<p><br><\/p>\n\n\n\n<p>2004 TRT \u0130stanbul Radyosu<br>2004-2005 Teknoloji Tv<br>2005 \u201cKar \u0130zleri \u00d6rtmesin\u201d Belgesel \u00e7al\u0131\u015fmas\u0131<br>2006-2007 Elele dergisi \/ Show TV<br>2010 Uluslararas\u0131 Yat\u0131r\u0131m Derne\u011fi (YASED) i\u00e7in Koza Projesi kapsam\u0131nda ger\u00e7ekle\u015ftirilen konferans ve etkinlikleri<br>2011 Cinemusicompany<br>2012 Volkan \u015eanda\u2019n\u0131n Jazz in the House \/ Mayotte Live Music Beyo\u011flu \/ Transparan- \u0130stanbul \/ S\u0131f\u0131r Zihniyet \u2013 \u00dc\u015f\u00fct\u00fckler \u00dclkesi<br>2013 Up Organizasyon (Volkan \u015eanda Projects, The Vision Keman G\u00f6sterisi, Mobil Bando Ritim Toplulu\u011fu, \u015eehrinaz) \/ Semih Sayg\u0131ner\u2019in \u201cMasamda Birikmi\u015f Hik\u00e2yeler\u201d \/ Vista SABANCI (Firma i\u00e7i lansman videosu) \/ Bilal Karaman<br>2014 \u015eAH\u0130 S.M.A.R.T Teknoloji \/ Mansur Yava\u015f \/ \u00d6zge Erdeniz \/ Akbank Kobi Bankac\u0131l\u0131\u011f\u0131 Genel M\u00fcd\u00fcrl\u00fck \/ Akbank Gebze Genel M\u00fcd\u00fcrl\u00fc\u011f\u00fc Aile \u015eenli\u011fi \/ Simge \u015eahin \/ Trib\u00fcndeki On Bir \/<br>2015 Atlas Tarih \/ Atlas Dergisi \/ 4Bdigital \/ Berba Yap\u0131m \/ TRT 3 \/ NU AW 15<br>2016 Kurumsal Yay\u0131nlar \/ \u015ei\u015fecam \/ Do\u011fu\u015f Otomotiv \/ Takas Bank \/ Big Cheff\u2019s \/ Navette \/Hyatt Regency Hotel Casino Thessaloniki \/Alican Kaynar\/&nbsp;Wyndham Princess Hotel &amp; Casino Batumi Georgia \/ Burcu &amp; Akg\u00fcn \/&nbsp;Club Hotel Casino Loutraki Athens \/ T\u00fcrkiye \u0130\u015f Bankas\u0131 81 \u0130lde 81 Orman Projesi \/<\/p>\n\n\n\n<p>2017&nbsp; T\u00fcrkiye \u0130\u015f Bankas\u0131 \u2013 Avanos Satran\u00e7 \/ Aras Et \/ Avustralia Sydney Woolmark Company \/ Italy Milano Zegna Baruffa \/ Atlas Dergisi \/ Yatch T\u00fcrkiye \/ Autoshow \/ G\u00f6zde &amp; Onur \/ Banetti \/&nbsp;Princess Hotel Casino \u2013 Svilengrad Bulgaria \/&nbsp;Princess Casino Trimontium Plovdiv \/&nbsp;Princess Casino Sofia Ramada \/<\/p>\n\n\n\n<p>2018 T\u00fcrkiye \u0130\u015f Bankas\u0131&nbsp;T\u00fcrkiye K\u00fc\u00e7\u00fckler Satran\u00e7 \u015eampiyonas\u0131 Antalya \/ Hint D\u00fc\u011f\u00fcn\u00fc Foto\u011fraf \u00c7ekimi \/ Tekfen Holding video \u00e7ekimleri \/ Tork Kelep\u00e7e Fabrikas\u0131 \u00fcr\u00fcn ve fabrika foto\u011fraf \u00e7ekimi \/&nbsp;Alcam Fabrikas\u0131 Foto\u011fraf \u00c7ekimi \/ Holanda \u2018 da su \u00fclkesi konusu \u2013 Atlas Dergisi 20 sayfal\u0131k konu foto\u011fraflar\u0131 \u2013 18 sosyal medya videosu \/ Pimsa Otomotiv Fabrika Tan\u0131t\u0131m Filmi \u00c7ekimi \u2013 Fabrika Foto\u011fraf \u00c7ekimi \/ \u015ei\u015fecam \u00c7ay\u0131rova Fabrikalar\u0131 , Sosyal Tesisler ve Yerle\u015fkesi Foto\u011fraf \u00c7ekimi \/<\/p>\n\n\n\n<p>2019 T\u00fcrkiye \u0130\u015f Bankas\u0131 2019 T\u00fcrkiye K\u00fc\u00e7\u00fckler Satran\u00e7 \u015eampiyonas\u0131 \/ \u015ei\u015fecam Genel Merkezi Drone \u00c7ekimi \/ Tekfen Holding R\u00f6portaj \u00c7ekim \u2013 Kurgular\u0131 \/ Zorlu Fuar Videolar\u0131 Kurgu \u00c7al\u0131\u015fmalar\u0131 \/ Woolmark Company \u00c7\u0131ra\u011fan Saray\u0131 daveti ve Salt Galata\u2019da \u201d do\u011fal olarak ilham veren \u201d semineri foto\u011fraf \u00e7ekimleri \/&nbsp;&nbsp;Ritz Carlton Residence i\u00e7inde \u00fcr\u00fcn foto\u011fraf \u00e7ekimi \/ Atlas Dergisi \u2013 Wilo&nbsp; \u201d Su i\u00e7in y\u00fcr\u00fcyoruz \u201d etkinli\u011fi K\u0131rklareli \u2013 Vize video \u00e7ekimi \/ Araymond Fabrika Tan\u0131t\u0131m Filmi \/ \u0130n\u00f6n\u00fc Stad\u0131\u2019na Veda Belgeseli \/<\/p>\n\n\n\n<p>2020 T\u00fcrkiye \u0130\u015f Bankas\u0131 T\u00fcrkiye K\u00fc\u00e7\u00fckler Satran\u00e7 \u015eampiyonas\u0131 Video Tan\u0131t\u0131m &#8211; R\u00f6portaj \u00c7ekimi \/ Ulus Metal Fabrikas\u0131 \u00dcr\u00fcn Foto\u011fraf \u00c7ekimi &#8211; Portre Foto\u011fraf \u00c7ekimi \/ Atlas Dergisi &#8211; \u0130lber Ortayl\u0131 ile Kahveli Sohbetler Video \u00c7ekimi \/<\/p>\n","protected":false},"excerpt":{"rendered":"<p>2004 TRT \u0130stanbul Radyosu2004-2005 Teknoloji Tv2005 \u201cKar \u0130zleri \u00d6rtmesin\u201d Belgesel \u00e7al\u0131\u015fmas\u01312006-2007 Elele dergisi \/ Show TV2010 Uluslararas\u0131 Yat\u0131r\u0131m Derne\u011fi (YASED) i\u00e7in Koza Projesi kapsam\u0131nda ger\u00e7ekle\u015ftirilen konferans ve etkinlikleri2011 Cinemusicompany2012 Volkan \u015eanda\u2019n\u0131n Jazz in the House \/ Mayotte Live Music Beyo\u011flu \/ Transparan- \u0130stanbul \/ S\u0131f\u0131r Zihniyet \u2013 \u00dc\u015f\u00fct\u00fckler \u00dclkesi2013 Up Organizasyon (Volkan \u015eanda Projects, The [&hellip;]<\/p>\n","protected":false},"author":1,"featured_media":0,"parent":0,"menu_order":0,"comment_status":"closed","ping_status":"closed","template":"","meta":[],"yoast_head":"<!-- This site is optimized with the Yoast SEO plugin v19.13 - https:\/\/yoast.com\/wordpress\/plugins\/seo\/ -->\n<title>B\u00dcLENT \u00d6ZALP \/ HAKKINDA - ANA MEN\u00dc<\/title>\n<meta name=\"robots\" content=\"index, follow, max-snippet:-1, max-image-preview:large, max-video-preview:-1\" \/>\n<link rel=\"canonical\" href=\"https:\/\/bulentozalp.com\/index.php\/bulent-ozalp-hakkinda\/\" \/>\n<meta property=\"og:locale\" content=\"tr_TR\" \/>\n<meta property=\"og:type\" content=\"article\" \/>\n<meta property=\"og:title\" content=\"B\u00dcLENT \u00d6ZALP \/ HAKKINDA - ANA MEN\u00dc\" \/>\n<meta property=\"og:description\" content=\"2004 TRT \u0130stanbul Radyosu2004-2005 Teknoloji Tv2005 \u201cKar \u0130zleri \u00d6rtmesin\u201d Belgesel \u00e7al\u0131\u015fmas\u01312006-2007 Elele dergisi \/ Show TV2010 Uluslararas\u0131 Yat\u0131r\u0131m Derne\u011fi (YASED) i\u00e7in Koza Projesi kapsam\u0131nda ger\u00e7ekle\u015ftirilen konferans ve etkinlikleri2011 Cinemusicompany2012 Volkan \u015eanda\u2019n\u0131n Jazz in the House \/ Mayotte Live Music Beyo\u011flu \/ Transparan- \u0130stanbul \/ S\u0131f\u0131r Zihniyet \u2013 \u00dc\u015f\u00fct\u00fckler \u00dclkesi2013 Up Organizasyon (Volkan \u015eanda Projects, The [&hellip;]\" \/>\n<meta property=\"og:url\" content=\"https:\/\/bulentozalp.com\/index.php\/bulent-ozalp-hakkinda\/\" \/>\n<meta property=\"og:site_name\" content=\"ANA MEN\u00dc\" \/>\n<meta property=\"article:modified_time\" content=\"2020-06-04T18:59:31+00:00\" \/>\n<meta name=\"twitter:card\" content=\"summary_large_image\" \/>\n<meta name=\"twitter:label1\" content=\"Tahmini okuma s\u00fcresi\" \/>\n\t<meta name=\"twitter:data1\" content=\"2 dakika\" \/>\n<script type=\"application\/ld+json\" class=\"yoast-schema-graph\">{\"@context\":\"https:\/\/schema.org\",\"@graph\":[{\"@type\":\"WebPage\",\"@id\":\"https:\/\/bulentozalp.com\/index.php\/bulent-ozalp-hakkinda\/\",\"url\":\"https:\/\/bulentozalp.com\/index.php\/bulent-ozalp-hakkinda\/\",\"name\":\"B\u00dcLENT \u00d6ZALP \/ HAKKINDA - ANA MEN\u00dc\",\"isPartOf\":{\"@id\":\"https:\/\/bulentozalp.com\/#website\"},\"datePublished\":\"2020-06-04T18:25:21+00:00\",\"dateModified\":\"2020-06-04T18:59:31+00:00\",\"breadcrumb\":{\"@id\":\"https:\/\/bulentozalp.com\/index.php\/bulent-ozalp-hakkinda\/#breadcrumb\"},\"inLanguage\":\"tr\",\"potentialAction\":[{\"@type\":\"ReadAction\",\"target\":[\"https:\/\/bulentozalp.com\/index.php\/bulent-ozalp-hakkinda\/\"]}]},{\"@type\":\"BreadcrumbList\",\"@id\":\"https:\/\/bulentozalp.com\/index.php\/bulent-ozalp-hakkinda\/#breadcrumb\",\"itemListElement\":[{\"@type\":\"ListItem\",\"position\":1,\"name\":\"Ana sayfa\",\"item\":\"https:\/\/bulentozalp.com\/\"},{\"@type\":\"ListItem\",\"position\":2,\"name\":\"B\u00dcLENT \u00d6ZALP \/ HAKKINDA\"}]},{\"@type\":\"WebSite\",\"@id\":\"https:\/\/bulentozalp.com\/#website\",\"url\":\"https:\/\/bulentozalp.com\/\",\"name\":\"ANA MEN\u00dc\",\"description\":\"Kurumsal Foto\u011fraf Video \u00c7ekimi\",\"potentialAction\":[{\"@type\":\"SearchAction\",\"target\":{\"@type\":\"EntryPoint\",\"urlTemplate\":\"https:\/\/bulentozalp.com\/?s={search_term_string}\"},\"query-input\":\"required name=search_term_string\"}],\"inLanguage\":\"tr\"}]}<\/script>\n<!-- \/ Yoast SEO plugin. -->","yoast_head_json":{"title":"B\u00dcLENT \u00d6ZALP \/ HAKKINDA - ANA MEN\u00dc","robots":{"index":"index","follow":"follow","max-snippet":"max-snippet:-1","max-image-preview":"max-image-preview:large","max-video-preview":"max-video-preview:-1"},"canonical":"https:\/\/bulentozalp.com\/index.php\/bulent-ozalp-hakkinda\/","og_locale":"tr_TR","og_type":"article","og_title":"B\u00dcLENT \u00d6ZALP \/ HAKKINDA - ANA MEN\u00dc","og_description":"2004 TRT \u0130stanbul Radyosu2004-2005 Teknoloji Tv2005 \u201cKar \u0130zleri \u00d6rtmesin\u201d Belgesel \u00e7al\u0131\u015fmas\u01312006-2007 Elele dergisi \/ Show TV2010 Uluslararas\u0131 Yat\u0131r\u0131m Derne\u011fi (YASED) i\u00e7in Koza Projesi kapsam\u0131nda ger\u00e7ekle\u015ftirilen konferans ve etkinlikleri2011 Cinemusicompany2012 Volkan \u015eanda\u2019n\u0131n Jazz in the House \/ Mayotte Live Music Beyo\u011flu \/ Transparan- \u0130stanbul \/ S\u0131f\u0131r Zihniyet \u2013 \u00dc\u015f\u00fct\u00fckler \u00dclkesi2013 Up Organizasyon (Volkan \u015eanda Projects, The [&hellip;]","og_url":"https:\/\/bulentozalp.com\/index.php\/bulent-ozalp-hakkinda\/","og_site_name":"ANA MEN\u00dc","article_modified_time":"2020-06-04T18:59:31+00:00","twitter_card":"summary_large_image","twitter_misc":{"Tahmini okuma s\u00fcresi":"2 dakika"},"schema":{"@context":"https:\/\/schema.org","@graph":[{"@type":"WebPage","@id":"https:\/\/bulentozalp.com\/index.php\/bulent-ozalp-hakkinda\/","url":"https:\/\/bulentozalp.com\/index.php\/bulent-ozalp-hakkinda\/","name":"B\u00dcLENT \u00d6ZALP \/ HAKKINDA - ANA MEN\u00dc","isPartOf":{"@id":"https:\/\/bulentozalp.com\/#website"},"datePublished":"2020-06-04T18:25:21+00:00","dateModified":"2020-06-04T18:59:31+00:00","breadcrumb":{"@id":"https:\/\/bulentozalp.com\/index.php\/bulent-ozalp-hakkinda\/#breadcrumb"},"inLanguage":"tr","potentialAction":[{"@type":"ReadAction","target":["https:\/\/bulentozalp.com\/index.php\/bulent-ozalp-hakkinda\/"]}]},{"@type":"BreadcrumbList","@id":"https:\/\/bulentozalp.com\/index.php\/bulent-ozalp-hakkinda\/#breadcrumb","itemListElement":[{"@type":"ListItem","position":1,"name":"Ana sayfa","item":"https:\/\/bulentozalp.com\/"},{"@type":"ListItem","position":2,"name":"B\u00dcLENT \u00d6ZALP \/ HAKKINDA"}]},{"@type":"WebSite","@id":"https:\/\/bulentozalp.com\/#website","url":"https:\/\/bulentozalp.com\/","name":"ANA MEN\u00dc","description":"Kurumsal Foto\u011fraf Video \u00c7ekimi","potentialAction":[{"@type":"SearchAction","target":{"@type":"EntryPoint","urlTemplate":"https:\/\/bulentozalp.com\/?s={search_term_string}"},"query-input":"required name=search_term_string"}],"inLanguage":"tr"}]}},"_links":{"self":[{"href":"https:\/\/bulentozalp.com\/index.php\/wp-json\/wp\/v2\/pages\/621"}],"collection":[{"href":"https:\/\/bulentozalp.com\/index.php\/wp-json\/wp\/v2\/pages"}],"about":[{"href":"https:\/\/bulentozalp.com\/index.php\/wp-json\/wp\/v2\/types\/page"}],"author":[{"embeddable":true,"href":"https:\/\/bulentozalp.com\/index.php\/wp-json\/wp\/v2\/users\/1"}],"replies":[{"embeddable":true,"href":"https:\/\/bulentozalp.com\/index.php\/wp-json\/wp\/v2\/comments?post=621"}],"version-history":[{"count":0,"href":"https:\/\/bulentozalp.com\/index.php\/wp-json\/wp\/v2\/pages\/621\/revisions"}],"wp:attachment":[{"href":"https:\/\/bulentozalp.com\/index.php\/wp-json\/wp\/v2\/media?parent=621"}],"curies":[{"name":"wp","href":"https:\/\/api.w.org\/{rel}","templated":true}]}}